{"id":48,"date":"2014-03-13T13:28:37","date_gmt":"2014-03-13T12:28:37","guid":{"rendered":"https:\/\/www.somospacientes.com\/alpe-acondroplasia\/?page_id=48"},"modified":"2014-03-13T13:28:37","modified_gmt":"2014-03-13T12:28:37","slug":"consultorio-alpe-acondroplasia","status":"publish","type":"page","link":"https:\/\/www.somospacientes.com\/alpe-acondroplasia\/info-corporativa\/consultorio-alpe-acondroplasia\/","title":{"rendered":"consultorio alpe acondroplasia"},"content":{"rendered":"<p><a href=\"https:\/\/www.somospacientes.com\/alpe-acondroplasia\/files\/2014\/03\/Logo-ALPE-4001.jpg\"><img loading=\"lazy\" decoding=\"async\" class=\"alignnone size-medium wp-image-51\" src=\"https:\/\/www.somospacientes.com\/alpe-acondroplasia\/files\/2014\/03\/Logo-ALPE-4001-300x114.jpg\" alt=\"\" width=\"300\" height=\"114\" srcset=\"https:\/\/www.somospacientes.com\/alpe-acondroplasia\/files\/2014\/03\/Logo-ALPE-4001-300x114.jpg 300w, https:\/\/www.somospacientes.com\/alpe-acondroplasia\/files\/2014\/03\/Logo-ALPE-4001-1024x391.jpg 1024w, https:\/\/www.somospacientes.com\/alpe-acondroplasia\/files\/2014\/03\/Logo-ALPE-4001-50x19.jpg 50w, https:\/\/www.somospacientes.com\/alpe-acondroplasia\/files\/2014\/03\/Logo-ALPE-4001-150x57.jpg 150w, https:\/\/www.somospacientes.com\/alpe-acondroplasia\/files\/2014\/03\/Logo-ALPE-4001-85x32.jpg 85w, https:\/\/www.somospacientes.com\/alpe-acondroplasia\/files\/2014\/03\/Logo-ALPE-4001-630x241.jpg 630w\" sizes=\"auto, (max-width: 300px) 100vw, 300px\" \/><\/a><\/p>\n<p><strong>Consultorioalpe<\/strong>\u00a0es un servicio especializado de consultor\u00eda online, atendido por un amplio equipo de profesionales que dar\u00e1 respuesta r\u00e1pida a sus consultas.<\/p>\n<p>El objetivo de este espacio es que ofrecerle la posibilidad de contactar directamente con un profesional de nuestro equipo que pueda atender sus preguntas.<\/p>\n<p>No intentamos reemplazar la consulta tradicional, ya que nuestro consultorio no lleva a cabo un cuestionario exhaustivo ni un ex\u00e1men profundo. Tampoco suple las situaciones de emergencia, ni aquellas en las cuales se requiere la presencia directa del profesional.<\/p>\n<p>Para permitirnos ser lo m\u00e1s eficaces posibles es importante cumplimentar el formulario que se adjunta a continuaci\u00f3n. En \u00e9l se solicitan datos estrictamente necesarios para hacerle llegar una respuesta a la direcci\u00f3n de corrreo electr\u00f3nico que nos indique. NOTA IMPORTANTE: SI NO DESEA que tanto la pregunta como la respuesta puedan ser le\u00eddas por los usuarios de este consultorio, es necesario que explicite en el propio mensaje que se trata de una pregunta de car\u00e1cter privado. En otro caso, ambas aparecer\u00e1n en el historial de preguntas y respuestas.<\/p>\n<p><strong>Consultorioalpe.com\u00a0<\/strong>es gratis y abarca todas las especialidades.<\/p>\n<p>www.consultorioalpe.com<\/p>\n<p>&nbsp;<\/p>\n","protected":false},"excerpt":{"rendered":"<p>Consultorioalpe\u00a0es un servicio especializado de consultor\u00eda online, atendido por un amplio equipo de profesionales que dar\u00e1 respuesta r\u00e1pida a sus consultas. El objetivo de este espacio es que ofrecerle la posibilidad de contactar directamente con un profesional de nuestro equipo que pueda atender sus preguntas. No intentamos reemplazar la consulta tradicional, ya que nuestro consultorio [&hellip;]<\/p>\n","protected":false},"author":808,"featured_media":0,"parent":9,"menu_order":0,"comment_status":"open","ping_status":"open","template":"page-info-adicional.php","meta":{"_acf_changed":false,"footnotes":""},"class_list":["post-48","page","type-page","status-publish","hentry"],"acf":[],"_links":{"self":[{"href":"https:\/\/www.somospacientes.com\/alpe-acondroplasia\/wp-json\/wp\/v2\/pages\/48","targetHints":{"allow":["GET"]}}],"collection":[{"href":"https:\/\/www.somospacientes.com\/alpe-acondroplasia\/wp-json\/wp\/v2\/pages"}],"about":[{"href":"https:\/\/www.somospacientes.com\/alpe-acondroplasia\/wp-json\/wp\/v2\/types\/page"}],"author":[{"embeddable":true,"href":"https:\/\/www.somospacientes.com\/alpe-acondroplasia\/wp-json\/wp\/v2\/users\/808"}],"replies":[{"embeddable":true,"href":"https:\/\/www.somospacientes.com\/alpe-acondroplasia\/wp-json\/wp\/v2\/comments?post=48"}],"version-history":[{"count":5,"href":"https:\/\/www.somospacientes.com\/alpe-acondroplasia\/wp-json\/wp\/v2\/pages\/48\/revisions"}],"predecessor-version":[{"id":55,"href":"https:\/\/www.somospacientes.com\/alpe-acondroplasia\/wp-json\/wp\/v2\/pages\/48\/revisions\/55"}],"up":[{"embeddable":true,"href":"https:\/\/www.somospacientes.com\/alpe-acondroplasia\/wp-json\/wp\/v2\/pages\/9"}],"wp:attachment":[{"href":"https:\/\/www.somospacientes.com\/alpe-acondroplasia\/wp-json\/wp\/v2\/media?parent=48"}],"curies":[{"name":"wp","href":"https:\/\/api.w.org\/{rel}","templated":true}]}}