{"id":186,"date":"2014-04-15T22:29:34","date_gmt":"2014-04-15T20:29:34","guid":{"rendered":"https:\/\/www.somospacientes.com\/ceade-2\/?page_id=186"},"modified":"2014-04-15T22:29:35","modified_gmt":"2014-04-15T20:29:35","slug":"vii-jornada-sobre-la-espondilitis-anquilosante-aexpe","status":"publish","type":"page","link":"https:\/\/www.somospacientes.com\/ceade-2\/info-corporativa\/vii-jornada-sobre-la-espondilitis-anquilosante-aexpe\/","title":{"rendered":"VII Jornada sobre la Espondilitis Anquilosante.AEXPE"},"content":{"rendered":"<h2><a href=\"https:\/\/www.somospacientes.com\/ceade-2\/files\/2014\/04\/unnamed.jpg\"><img loading=\"lazy\" decoding=\"async\" class=\"alignleft size-medium wp-image-188\" src=\"https:\/\/www.somospacientes.com\/ceade-2\/files\/2014\/04\/unnamed-212x300.jpg\" alt=\"\" width=\"212\" height=\"300\" srcset=\"https:\/\/www.somospacientes.com\/ceade-2\/files\/2014\/04\/unnamed-212x300.jpg 212w, https:\/\/www.somospacientes.com\/ceade-2\/files\/2014\/04\/unnamed-35x50.jpg 35w, https:\/\/www.somospacientes.com\/ceade-2\/files\/2014\/04\/unnamed-106x150.jpg 106w, https:\/\/www.somospacientes.com\/ceade-2\/files\/2014\/04\/unnamed-60x85.jpg 60w, https:\/\/www.somospacientes.com\/ceade-2\/files\/2014\/04\/unnamed-333x472.jpg 333w, https:\/\/www.somospacientes.com\/ceade-2\/files\/2014\/04\/unnamed-142x202.jpg 142w, https:\/\/www.somospacientes.com\/ceade-2\/files\/2014\/04\/unnamed.jpg 470w\" sizes=\"auto, (max-width: 212px) 100vw, 212px\" \/><\/a><\/h2>\n<h2><strong>\u00a0 \u00a0 NOTA DE PRENSA<\/strong><\/h2>\n<p>CEADE 15\/04\/2014<\/p>\n<p><span style=\"font-size: 13px\">Como anualmente viene siendo habitual, AEXPE Asociaci\u00f3n Extreme\u00f1a de pacientes con Espondilitis, en su af\u00e1n por informar y apoyar a todos los enfermos que padecen de esta patolog\u00eda, organiza para este a\u00f1o 2014, el d\u00eda 10 de Mayo a las 19:00 horas, la VII Jornada sobre la Espondilitis Anquilosante. En esta ocasi\u00f3n tendr\u00e1 lugar en Navalmoral de la Mata en la provincia de C\u00e1ceres.\u00a0<\/span><\/p>\n<p>Navalmoral de la Mata es una localidad de la provincia de C\u00e1ceres en la Comunidad Aut\u00f3noma de Extremadura. Con una poblaci\u00f3n aproximada de 17.228 habitantes, est\u00e1 situada al noreste de la provincia, a 120 km de la ciudad de C\u00e1ceres y a 180 km de Madrid. Es la cabecera de la Comarca denominada Campo Ara\u00f1uelo.<\/p>\n<p>La Jornada contar\u00e1 con la presencia del reumat\u00f3logo del Hospital Virgen del Puerto de Plasencia Dr. Miguel \u00c1ngel Abad Fern\u00e1ndez. Se trataran temas relacionados con la Espondilitis Anquilosante: sintomatolog\u00eda, pruebas cl\u00ednicas para diagnosticarla, medicamentos para evitar su evoluci\u00f3n, controlar el dolor, y los \u00faltimos avances en terapias biol\u00f3gicas.<\/p>\n<p>La Espondilitis Anquilosante es una enfermedad reum\u00e1tica perteneciente al grupo de las Espondiloartropat\u00edas. Es una forma de artritis que afecta a las articulaciones de la columna vertebral. La Espondilitis Anquilosante a menudo implica la inflamaci\u00f3n de las articulaciones sacroil\u00edacas, donde la columna se une a la pelvis. En algunas personas esta enfermedad puede afectar a otras articulaciones. Tambi\u00e9n a los lugares donde los tendones y los ligamentos se unen a los huesos. A veces puede afectar a otros \u00f3rganos, como los ojos, los intestinos, y muy rara vez, al coraz\u00f3n y los pulmones.<\/p>\n<p>D\u00f1a. Inmaculada Garc\u00eda Cumbre\u00f1o, enfermera de la secci\u00f3n de Reumatolog\u00eda del Hospital de M\u00e9rida, informar\u00e1 detalladamente de la labor que realiza en la aplicaci\u00f3n a los enfermos de los Medicamentos Biol\u00f3gicos.<\/p>\n<p>D\u00f1a. Nuria Moreno Rodr\u00edguez, Psic\u00f3loga de AEXPE, expondr\u00e1 la manera de enfrentarse a la nueva situaci\u00f3n y los conflictos que se le presentan a un espondil\u00edtico, an\u00edmicos, familiares, laborales\u2026 y enfocar esta situaci\u00f3n evitando las frustraciones.<\/p>\n<p>Al padecer una incapacidad por dolor, los enfermos pueden sufrir alteraciones psicol\u00f3gicas. La prevalencia de la ansiedad y depresi\u00f3n es muy frecuente en enfermos que acuden a un Servicio de Psicolog\u00eda.<\/p>\n<p>D. Toribio Caballero Ramos, Fisioterapeuta y Osteopat\u00eda, valorar\u00e1 la acci\u00f3n del fisioterapeuta en esta patolog\u00eda, los beneficios que produce la terapia f\u00edsica. La rehabilitaci\u00f3n constituye un pilar fundamental en el tratamiento de la Espondilitis y la educaci\u00f3n postural. Los ejercicios potencian los m\u00fasculos de la columna y extremidades evitando su atrofia, y el posible anquilosamiento de las articulaciones. Los ejercicios respiratorios son de gran importancia para incrementar la capacidad pulmonar.<\/p>\n<p>Web:<a href=\"http:\/\/aexpebadajoz.blogspot.com.es\/\" target=\"_blank\">http:\/\/aexpebadajoz.blogspot.com.es\/<\/a><\/p>\n<p>&nbsp;<\/p>\n<p><strong><a href=\"https:\/\/www.somospacientes.com\/aexpe\/\">https:\/\/www.somospacientes.com\/aexpe\/<\/a><\/strong><\/p>\n<p><strong>AEXPE\u00a0<\/strong><br \/>\n<strong>C\/ Ebro, 8\u00a0<\/strong><br \/>\n<strong>06480 Montijo\u00a0<\/strong><br \/>\n<strong>Badajoz\u00a0<\/strong><br \/>\n<strong>Tel\u00e9fonos: \u00a0<\/strong><strong>924 45 26 26\u00a0\u00a0\u00a0\u00a0\u00a0<\/strong><strong>605 44 47 12 \u00a0\u00a0<\/strong><\/p>\n<p><strong>Correo electr\u00f3nico<\/strong>:\u00a0<a href=\"mailto:aexpe@hotmail.es\"><strong>aexpe@hotmail.es<\/strong><\/a><\/p>\n","protected":false},"excerpt":{"rendered":"<p>\u00a0 \u00a0 NOTA DE PRENSA CEADE 15\/04\/2014 Como anualmente viene siendo habitual, AEXPE Asociaci\u00f3n Extreme\u00f1a de pacientes con Espondilitis, en su af\u00e1n por informar y apoyar a todos los enfermos que padecen de esta patolog\u00eda, organiza para este a\u00f1o 2014, el d\u00eda 10 de Mayo a las 19:00 horas, la VII Jornada sobre la Espondilitis [&hellip;]<\/p>\n","protected":false},"author":302,"featured_media":0,"parent":9,"menu_order":0,"comment_status":"open","ping_status":"open","template":"page-info-adicional.php","meta":{"_acf_changed":false,"footnotes":""},"class_list":["post-186","page","type-page","status-publish","hentry"],"acf":[],"_links":{"self":[{"href":"https:\/\/www.somospacientes.com\/ceade-2\/wp-json\/wp\/v2\/pages\/186","targetHints":{"allow":["GET"]}}],"collection":[{"href":"https:\/\/www.somospacientes.com\/ceade-2\/wp-json\/wp\/v2\/pages"}],"about":[{"href":"https:\/\/www.somospacientes.com\/ceade-2\/wp-json\/wp\/v2\/types\/page"}],"author":[{"embeddable":true,"href":"https:\/\/www.somospacientes.com\/ceade-2\/wp-json\/wp\/v2\/users\/302"}],"replies":[{"embeddable":true,"href":"https:\/\/www.somospacientes.com\/ceade-2\/wp-json\/wp\/v2\/comments?post=186"}],"version-history":[{"count":3,"href":"https:\/\/www.somospacientes.com\/ceade-2\/wp-json\/wp\/v2\/pages\/186\/revisions"}],"predecessor-version":[{"id":190,"href":"https:\/\/www.somospacientes.com\/ceade-2\/wp-json\/wp\/v2\/pages\/186\/revisions\/190"}],"up":[{"embeddable":true,"href":"https:\/\/www.somospacientes.com\/ceade-2\/wp-json\/wp\/v2\/pages\/9"}],"wp:attachment":[{"href":"https:\/\/www.somospacientes.com\/ceade-2\/wp-json\/wp\/v2\/media?parent=186"}],"curies":[{"name":"wp","href":"https:\/\/api.w.org\/{rel}","templated":true}]}}