{"id":51,"date":"2018-04-16T18:59:51","date_gmt":"2018-04-16T16:59:51","guid":{"rendered":"https:\/\/www.somospacientes.com\/cemmp\/?page_id=51"},"modified":"2018-04-16T19:20:07","modified_gmt":"2018-04-16T17:20:07","slug":"homepage","status":"publish","type":"page","link":"https:\/\/www.somospacientes.com\/cemmp\/info-corporativa\/homepage\/","title":{"rendered":"homepage"},"content":{"rendered":"<h1><a href=\"https:\/\/www.somospacientes.com\/cemmp\/files\/2018\/04\/facebook-02.png\"><img loading=\"lazy\" decoding=\"async\" class=\"aligncenter wp-image-53 size-large\" src=\"https:\/\/www.somospacientes.com\/cemmp\/files\/2018\/04\/facebook-02-1024x392.png\" alt=\"comunidad espa\u00f1ola de pacientes con mieloma m\u00faltiple\" width=\"1024\" height=\"392\" srcset=\"https:\/\/www.somospacientes.com\/cemmp\/files\/2018\/04\/facebook-02-1024x392.png 1024w, https:\/\/www.somospacientes.com\/cemmp\/files\/2018\/04\/facebook-02-300x115.png 300w, https:\/\/www.somospacientes.com\/cemmp\/files\/2018\/04\/facebook-02-768x294.png 768w, https:\/\/www.somospacientes.com\/cemmp\/files\/2018\/04\/facebook-02-50x19.png 50w, https:\/\/www.somospacientes.com\/cemmp\/files\/2018\/04\/facebook-02-150x57.png 150w, https:\/\/www.somospacientes.com\/cemmp\/files\/2018\/04\/facebook-02-85x33.png 85w, https:\/\/www.somospacientes.com\/cemmp\/files\/2018\/04\/facebook-02-630x241.png 630w\" sizes=\"auto, (max-width: 1024px) 100vw, 1024px\" \/><\/a><br \/>\n<span style=\"color: #dd0029\">Qui\u00e9nes somos<\/span><\/h1>\n<p><strong>Desde su fundaci\u00f3n en 2015, la Comunidad Espa\u00f1ola de Pacientes con Mieloma M\u00faltiple trabaja cada d\u00eda para fortalecer la voz de los pacientes con mieloma y sus familiares.<\/strong><\/p>\n<p>Colaboramos y contamos con el apoyo de los mejores hemat\u00f3logos e investigadores l\u00edderes en mieloma, as\u00ed como otras organizaciones contra el c\u00e1ncer y grupos de pacientes locales de Espa\u00f1a.<\/p>\n<blockquote>\n<div class=\"vc_row wpb_row vc_row-fluid page-row-main page-main-greybox\">\n<div class=\"wpb_column vc_column_container vc_col-sm-12\">\n<div class=\"vc_column-inner \">\n<div class=\"wpb_wrapper\">\n<div>\n<div class=\"helpme-text-block responsive-align-center page-main-titular\">\n<h3>Aprender a vivir con un c\u00e1ncer que no desaparece puede ser dif\u00edcil y estresante. Compartir tus inquietudes y preguntar tus dudas te ayudar\u00e1 a estar mejor informado.<\/h3>\n<div class=\"clearboth\"><\/div>\n<\/div>\n<\/div>\n<\/div>\n<\/div>\n<\/div>\n<\/div>\n<div class=\"vc_row wpb_row vc_row-fluid page-main-row dc3f2\">\n<div class=\"wpb_column vc_column_container vc_col-sm-12\">\n<div class=\"vc_column-inner \">\n<div class=\"wpb_wrapper\">\n<div class=\"vc_row wpb_row vc_inner vc_row-fluid block\">\n<div class=\"wpb_column vc_column_container vc_col-sm-12\">\n<div class=\"vc_column-inner \">\n<div class=\"wpb_wrapper\">\n<hr \/>\n<\/div>\n<\/div>\n<\/div>\n<\/div>\n<\/div>\n<\/div>\n<\/div>\n<\/div>\n<\/blockquote>\n","protected":false},"excerpt":{"rendered":"<p>Qui\u00e9nes somos Desde su fundaci\u00f3n en 2015, la Comunidad Espa\u00f1ola de Pacientes con Mieloma M\u00faltiple trabaja cada d\u00eda para fortalecer la voz de los pacientes con mieloma y sus familiares. Colaboramos y contamos con el apoyo de los mejores hemat\u00f3logos e investigadores l\u00edderes en mieloma, as\u00ed como otras organizaciones contra el c\u00e1ncer y grupos de [&hellip;]<\/p>\n","protected":false},"author":1330,"featured_media":0,"parent":9,"menu_order":1,"comment_status":"closed","ping_status":"closed","template":"page-info-adicional.php","meta":{"_acf_changed":false,"footnotes":""},"class_list":["post-51","page","type-page","status-publish","hentry"],"acf":[],"_links":{"self":[{"href":"https:\/\/www.somospacientes.com\/cemmp\/wp-json\/wp\/v2\/pages\/51","targetHints":{"allow":["GET"]}}],"collection":[{"href":"https:\/\/www.somospacientes.com\/cemmp\/wp-json\/wp\/v2\/pages"}],"about":[{"href":"https:\/\/www.somospacientes.com\/cemmp\/wp-json\/wp\/v2\/types\/page"}],"author":[{"embeddable":true,"href":"https:\/\/www.somospacientes.com\/cemmp\/wp-json\/wp\/v2\/users\/1330"}],"replies":[{"embeddable":true,"href":"https:\/\/www.somospacientes.com\/cemmp\/wp-json\/wp\/v2\/comments?post=51"}],"version-history":[{"count":5,"href":"https:\/\/www.somospacientes.com\/cemmp\/wp-json\/wp\/v2\/pages\/51\/revisions"}],"predecessor-version":[{"id":57,"href":"https:\/\/www.somospacientes.com\/cemmp\/wp-json\/wp\/v2\/pages\/51\/revisions\/57"}],"up":[{"embeddable":true,"href":"https:\/\/www.somospacientes.com\/cemmp\/wp-json\/wp\/v2\/pages\/9"}],"wp:attachment":[{"href":"https:\/\/www.somospacientes.com\/cemmp\/wp-json\/wp\/v2\/media?parent=51"}],"curies":[{"name":"wp","href":"https:\/\/api.w.org\/{rel}","templated":true}]}}