{"id":101,"date":"2012-03-05T11:05:15","date_gmt":"2012-03-05T10:05:15","guid":{"rendered":"https:\/\/www.somospacientes.com\/confederacion-espanola-de-familias-de-personas-sordas-fiapas\/?page_id=101"},"modified":"2018-02-28T14:45:33","modified_gmt":"2018-02-28T13:45:33","slug":"premio-cruz-roja-espanola-buenas-practicas-en-inclusion-2011","status":"publish","type":"page","link":"https:\/\/www.somospacientes.com\/confederacion-espanola-de-familias-de-personas-sordas-fiapas\/info-corporativa\/premio-cruz-roja-espanola-buenas-practicas-en-inclusion-2011\/","title":{"rendered":"PREMIO CRUZ ROJA ESPA\u00d1OLA  &#8211; BUENAS PR\u00c1CTICAS EN INCLUSI\u00d3N 2011"},"content":{"rendered":"<p style=\"text-align: justify\">Cruz Roja Espa\u00f1ola, a trav\u00e9s de su programa de Selecci\u00f3n de Buenas Pr\u00e1cticas en la Inclusi\u00f3n Social ha concedido a FIAPAS por su programa de Atenci\u00f3n y Apoyo a Familias de personas con discapacidad auditiva, el premio de Buenas Pr\u00e1cticas en la categor\u00eda de proyectos que sensibilizan y promueven la inclusi\u00f3n de las personas con discapacidad y sus familias.<\/p>\n<p><a href=\"https:\/\/www.somospacientes.com\/confederacion-espanola-de-familias-de-personas-sordas-fiapas\/files\/2012\/03\/Premio-Cruz-Roja-Buenas-Pr%C3%A1cticas-FIAPAS-35.jpg\"><img loading=\"lazy\" decoding=\"async\" class=\"aligncenter size-large wp-image-103\" src=\"https:\/\/www.somospacientes.com\/confederacion-espanola-de-familias-de-personas-sordas-fiapas\/files\/2012\/03\/Premio-Cruz-Roja-Buenas-Pr%C3%A1cticas-FIAPAS-35-687x1024.jpg\" alt=\"\" width=\"273\" height=\"407\" \/><\/a><\/p>\n","protected":false},"excerpt":{"rendered":"<p>Cruz Roja Espa\u00f1ola, a trav\u00e9s de su programa de Selecci\u00f3n de Buenas Pr\u00e1cticas en la Inclusi\u00f3n Social ha concedido a FIAPAS por su programa de Atenci\u00f3n y Apoyo a Familias de personas con discapacidad auditiva, el premio de Buenas Pr\u00e1cticas en la categor\u00eda de proyectos que sensibilizan y promueven la inclusi\u00f3n de las personas con [&hellip;]<\/p>\n","protected":false},"author":223,"featured_media":0,"parent":9,"menu_order":3,"comment_status":"open","ping_status":"closed","template":"page-info-adicional.php","meta":{"_acf_changed":false,"footnotes":""},"class_list":["post-101","page","type-page","status-publish","hentry"],"acf":[],"_links":{"self":[{"href":"https:\/\/www.somospacientes.com\/confederacion-espanola-de-familias-de-personas-sordas-fiapas\/wp-json\/wp\/v2\/pages\/101","targetHints":{"allow":["GET"]}}],"collection":[{"href":"https:\/\/www.somospacientes.com\/confederacion-espanola-de-familias-de-personas-sordas-fiapas\/wp-json\/wp\/v2\/pages"}],"about":[{"href":"https:\/\/www.somospacientes.com\/confederacion-espanola-de-familias-de-personas-sordas-fiapas\/wp-json\/wp\/v2\/types\/page"}],"author":[{"embeddable":true,"href":"https:\/\/www.somospacientes.com\/confederacion-espanola-de-familias-de-personas-sordas-fiapas\/wp-json\/wp\/v2\/users\/223"}],"replies":[{"embeddable":true,"href":"https:\/\/www.somospacientes.com\/confederacion-espanola-de-familias-de-personas-sordas-fiapas\/wp-json\/wp\/v2\/comments?post=101"}],"version-history":[{"count":16,"href":"https:\/\/www.somospacientes.com\/confederacion-espanola-de-familias-de-personas-sordas-fiapas\/wp-json\/wp\/v2\/pages\/101\/revisions"}],"predecessor-version":[{"id":368,"href":"https:\/\/www.somospacientes.com\/confederacion-espanola-de-familias-de-personas-sordas-fiapas\/wp-json\/wp\/v2\/pages\/101\/revisions\/368"}],"up":[{"embeddable":true,"href":"https:\/\/www.somospacientes.com\/confederacion-espanola-de-familias-de-personas-sordas-fiapas\/wp-json\/wp\/v2\/pages\/9"}],"wp:attachment":[{"href":"https:\/\/www.somospacientes.com\/confederacion-espanola-de-familias-de-personas-sordas-fiapas\/wp-json\/wp\/v2\/media?parent=101"}],"curies":[{"name":"wp","href":"https:\/\/api.w.org\/{rel}","templated":true}]}}