{"id":506,"date":"2014-03-21T11:54:07","date_gmt":"2014-03-21T10:54:07","guid":{"rendered":"https:\/\/www.somospacientes.com\/crl-nueva-vida\/?page_id=506"},"modified":"2014-03-21T11:54:48","modified_gmt":"2014-03-21T10:54:48","slug":"teatro-accesible","status":"publish","type":"page","link":"https:\/\/www.somospacientes.com\/crl-nueva-vida\/info-corporativa\/teatro-accesible\/","title":{"rendered":"Teatro Accesible"},"content":{"rendered":"<p><strong>Teatro Accesible<\/strong> es un proyecto que surge de la colaboraci\u00f3n entre Fundaci\u00f3n Vodafone Espa\u00f1a, la Asociaci\u00f3n Psiquiatr\u00eda y Vida (Centro de Rehabilitaci\u00f3n Laboral \u00abNueva Vida\u00bb) y la empresa Aptent Be Accessible!\u00a0 Es una iniciativa pionera cuyos objetivos son:<\/p>\n<p><strong>1.-<\/strong> Hacer accesibles para personas con discapacidad sensorial representaciones teatrales en diversas capitales espa\u00f1olas. Hacer del teatro un espacio accesible significa dar acceso al ocio y a la cultura a un colectivo que hasta ahora no pod\u00eda disfrutar plenamente de la oferta cultural.<\/p>\n<p><strong>2.-<\/strong> Formaci\u00f3n y empleo para personas con discapacidad o Trastorno Mental Grave (TMG) en el \u00e1mbito de las Nuevas Tecnolog\u00edas de la Informaci\u00f3n y el Conocimiento, en concreto en las \u00e1reas de Subtitulaci\u00f3n Intraling\u00fcistica y Audiodescripci\u00f3n. Estas personas con TMG contratadas por Teatro Accesible est\u00e1n vinculadas el Centro de Rehabilitaci\u00f3n Laboral \u201cNueva Vida\u201d de Madrid.<\/p>\n<p>&nbsp;<\/p>\n<p style=\"text-align: left\"><a href=\"https:\/\/www.somospacientes.com\/crl-nueva-vida\/files\/2014\/03\/ta2.jpg\"><img loading=\"lazy\" decoding=\"async\" class=\"size-medium wp-image-509\" src=\"https:\/\/www.somospacientes.com\/crl-nueva-vida\/files\/2014\/03\/ta2-300x170.jpg\" alt=\"\" width=\"300\" height=\"170\" srcset=\"https:\/\/www.somospacientes.com\/crl-nueva-vida\/files\/2014\/03\/ta2-300x170.jpg 300w, https:\/\/www.somospacientes.com\/crl-nueva-vida\/files\/2014\/03\/ta2-50x28.jpg 50w, https:\/\/www.somospacientes.com\/crl-nueva-vida\/files\/2014\/03\/ta2-150x85.jpg 150w, https:\/\/www.somospacientes.com\/crl-nueva-vida\/files\/2014\/03\/ta2-85x48.jpg 85w, https:\/\/www.somospacientes.com\/crl-nueva-vida\/files\/2014\/03\/ta2.jpg 446w\" sizes=\"auto, (max-width: 300px) 100vw, 300px\" \/><\/a><a href=\"https:\/\/www.somospacientes.com\/crl-nueva-vida\/files\/2014\/03\/ta.jpg\"><img loading=\"lazy\" decoding=\"async\" class=\"size-full wp-image-508 alignleft\" src=\"https:\/\/www.somospacientes.com\/crl-nueva-vida\/files\/2014\/03\/ta.jpg\" alt=\"\" width=\"259\" height=\"194\" srcset=\"https:\/\/www.somospacientes.com\/crl-nueva-vida\/files\/2014\/03\/ta.jpg 259w, https:\/\/www.somospacientes.com\/crl-nueva-vida\/files\/2014\/03\/ta-50x37.jpg 50w, https:\/\/www.somospacientes.com\/crl-nueva-vida\/files\/2014\/03\/ta-150x112.jpg 150w, https:\/\/www.somospacientes.com\/crl-nueva-vida\/files\/2014\/03\/ta-85x63.jpg 85w, https:\/\/www.somospacientes.com\/crl-nueva-vida\/files\/2014\/03\/ta-191x143.jpg 191w\" sizes=\"auto, (max-width: 259px) 100vw, 259px\" \/>\u00a0<\/a><\/p>\n<p>&nbsp;<\/p>\n<p>Teatro Accesible inici\u00f3 su desarrollo en Diciembre de 2011. Despu\u00e9s de una temporada accesible 2011-2012 en la ciudad de Madrid (teatros La Latina y Bellas Artes), la continuidad del proyecto se traslad\u00f3 al Festival Internacional de Teatro Cl\u00e1sico de M\u00e9rida en el verano de 2012.\u00a0 En la temporada 2012-2013 se incoproa la iniciativa los teatros Mar\u00eda Guerrero y Valle-Incl\u00e1n en Madrid, el Teatre Goya en Barcelona y el Teatre Rialto en Valencia.<\/p>\n<p>En el equipo de Proyecto Teatro Accesible han trabajado desde su inicio cuatro personas que han desarrollado su proceso de rehabilitaci\u00f3n e inserci\u00f3n laboral en nuestro centro;\u00a0 tres en labores de subtitulaci\u00f3n y audiodescripci\u00f3n y una como Personal de Sala. Asimismo, gracias a becas de la Fundaci\u00f3n Vodafone Espa\u00f1a, una persona ha realizado la formaci\u00f3n de m\u00e1ster on-line en Tecnolog\u00edas de Apoyo, Accesibilidad y Dise\u00f1o para todos de la Universidad Carlos III, dos personas la de Experto en Subtitulado y Audiodescripci\u00f3n y otra persona se encuentra cursando esa misma formaci\u00f3n en la actualidad y ha realizado pr\u00e1cticas laborales durante 2013 en la empresa Aptent Be Accesible! Asimismo el proyecto sigue formando parte de la programaci\u00f3n del Festival de Teatro de Almagro, Festival Internacional de Teatro Cl\u00e1sico de M\u00e9rida, y como novedad en 2013, el Festival Una Mirada Diferente, del Centro Dram\u00e1tico Nacional. La tercera temporada de \u00abTeatro Accesible\u00bb ha visto incrementada su oferta, al contemplar 63 sesiones accesibles en 22 producciones teatrales de Madrid, Barcelona y Valencia. La presentaci\u00f3n del Proyecto en la temporada 2013\u201014 se realiz\u00f3 en el <strong>Teatro Mar\u00eda Guerrero <\/strong>de Madrid, acto al que asistieron numerosos medios de comunicaci\u00f3n de \u00e1mbito nacional.<\/p>\n<p><a href=\"https:\/\/www.somospacientes.com\/crl-nueva-vida\/files\/2014\/03\/ta2.jpg\"><span style=\"color: #000000\">En el acto, adem\u00e1s del Centro de Rehabilitaci\u00f3n Laboral \u00abNueva Vida\u00bb, estuvieron representados el <strong>Instituto Nacional de las Artes Esc\u00e9nicas<\/strong>, la <strong>Direcci\u00f3n General de Teatres de la Generalitat Valenciana <\/strong>y el <strong>Centro Dram\u00e1tico Nacional<\/strong>, representado por su director Ernesto Caballero, y representantes de los nuevos teatros en Madrid y Barcelona que se han interesado en Teatro Accesible; Teatros del Canal, Grupo Focus y Teatre Nacional de Catalunya. Tambi\u00e9n intervino el representante de APTENT BE ACCESSIBLE!, Javier Jim\u00e9nez, y Santiago Moreno, Director General de la Fundaci\u00f3n Vodafone Espa\u00f1a<\/span>.<\/a><\/p>\n<p>&nbsp;<\/p>\n<p style=\"text-align: left\"><a href=\"https:\/\/www.somospacientes.com\/crl-nueva-vida\/files\/2014\/03\/ta3.jpg\"><img loading=\"lazy\" decoding=\"async\" class=\"size-medium wp-image-512 alignleft\" src=\"https:\/\/www.somospacientes.com\/crl-nueva-vida\/files\/2014\/03\/ta3-269x300.jpg\" alt=\"\" width=\"269\" height=\"300\" srcset=\"https:\/\/www.somospacientes.com\/crl-nueva-vida\/files\/2014\/03\/ta3-269x300.jpg 269w, https:\/\/www.somospacientes.com\/crl-nueva-vida\/files\/2014\/03\/ta3-44x50.jpg 44w, https:\/\/www.somospacientes.com\/crl-nueva-vida\/files\/2014\/03\/ta3-134x150.jpg 134w, https:\/\/www.somospacientes.com\/crl-nueva-vida\/files\/2014\/03\/ta3-76x85.jpg 76w, https:\/\/www.somospacientes.com\/crl-nueva-vida\/files\/2014\/03\/ta3.jpg 385w\" sizes=\"auto, (max-width: 269px) 100vw, 269px\" \/><\/a><span style=\"font-size: 13px\">De izda. a dcha.: Javier Jim\u00e9nez Dorado, APTENT BE ACCESSIBLE; Jorge Culla, Intendente de los Teatros del Canal; M\u00f3nica Campos, Directora Ejecutiva del Teatro Nacional de Catalunya; Santiago Moreno, Director General de la Fundaci\u00f3n Vodafone Espa\u00f1a;; Ernesto Caballero, Director del Centro Dram\u00e1tico Nacional; Inmaculada Gil-L\u00e1zaro, Subdirectora de Teatro y Danza CulturArts Generalitat; Jos\u00e9 Augusto Colis, Centro de Rehabilitaci\u00f3n Laboral \u201cNueva Vida\u201d.<\/span><\/p>\n<p>Durante esta temporada 2013-2014 un total de 5 entidades y 8 teatros brindar\u00e1n a las personas con discapacidad visual o auditiva la posibilidad de acudir a ver algunas de sus representaciones.<\/p>\n<p>&nbsp;<\/p>\n<h4 align=\"left\">\u00b7\u00a0\u00a0\u00a0\u00a0\u00a0\u00a0\u00a0 Premios Teatro Accesible<em><\/em><\/h4>\n<p><strong>Teatro Accesible<\/strong> ha sido galardonado con el <strong>Premio CERMI 2013<\/strong> en la categor\u00eda de Acci\u00f3n Social y Cultural. Estos premios, que concede que concede el Comit\u00e9 Espa\u00f1ol de Representantes de Personas con Discapacidad (CERMI) pretenden reconocer las iniciativas o acciones o la labor de personas o instituciones que m\u00e1s se hayan distinguido, en \u00e1mbitos como la inclusi\u00f3n laboral, la investigaci\u00f3n social y cient\u00edfica, la accesibilidad universal o en la esfera institucional, en favor de las personas con discapacidad y sus familias.<\/p>\n<p>La \u00a0Asociaci\u00f3n Discapacidad Visual Catalu\u00f1a\u00a0ha otorgado el <strong>Premio \u201cLoren\u00e7 Blasi\u201d 2013<\/strong> al proyecto Teatro Accesible,\u00a0 por sus esfuerzos en la difusi\u00f3n de la audiodescripci\u00f3n, tanto en cine como en teatro con el proyecto.<\/p>\n","protected":false},"excerpt":{"rendered":"<p>Teatro Accesible es un proyecto que surge de la colaboraci\u00f3n entre Fundaci\u00f3n Vodafone Espa\u00f1a, la Asociaci\u00f3n Psiquiatr\u00eda y Vida (Centro de Rehabilitaci\u00f3n Laboral \u00abNueva Vida\u00bb) y la empresa Aptent Be Accessible!\u00a0 Es una iniciativa pionera cuyos objetivos son: 1.- Hacer accesibles para personas con discapacidad sensorial representaciones teatrales en diversas capitales espa\u00f1olas. Hacer del teatro [&hellip;]<\/p>\n","protected":false},"author":174,"featured_media":0,"parent":9,"menu_order":0,"comment_status":"open","ping_status":"open","template":"page-info-adicional.php","meta":{"_acf_changed":false,"footnotes":""},"class_list":["post-506","page","type-page","status-publish","hentry"],"acf":[],"_links":{"self":[{"href":"https:\/\/www.somospacientes.com\/crl-nueva-vida\/wp-json\/wp\/v2\/pages\/506","targetHints":{"allow":["GET"]}}],"collection":[{"href":"https:\/\/www.somospacientes.com\/crl-nueva-vida\/wp-json\/wp\/v2\/pages"}],"about":[{"href":"https:\/\/www.somospacientes.com\/crl-nueva-vida\/wp-json\/wp\/v2\/types\/page"}],"author":[{"embeddable":true,"href":"https:\/\/www.somospacientes.com\/crl-nueva-vida\/wp-json\/wp\/v2\/users\/174"}],"replies":[{"embeddable":true,"href":"https:\/\/www.somospacientes.com\/crl-nueva-vida\/wp-json\/wp\/v2\/comments?post=506"}],"version-history":[{"count":12,"href":"https:\/\/www.somospacientes.com\/crl-nueva-vida\/wp-json\/wp\/v2\/pages\/506\/revisions"}],"predecessor-version":[{"id":521,"href":"https:\/\/www.somospacientes.com\/crl-nueva-vida\/wp-json\/wp\/v2\/pages\/506\/revisions\/521"}],"up":[{"embeddable":true,"href":"https:\/\/www.somospacientes.com\/crl-nueva-vida\/wp-json\/wp\/v2\/pages\/9"}],"wp:attachment":[{"href":"https:\/\/www.somospacientes.com\/crl-nueva-vida\/wp-json\/wp\/v2\/media?parent=506"}],"curies":[{"name":"wp","href":"https:\/\/api.w.org\/{rel}","templated":true}]}}